{"id":2,"date":"2021-01-28T20:49:34","date_gmt":"2021-01-28T20:49:34","guid":{"rendered":"https:\/\/quitobowlingclub.com\/reservabolos\/?page_id=2"},"modified":"2026-03-11T20:43:19","modified_gmt":"2026-03-12T01:43:19","slug":"terminos-condiciones","status":"publish","type":"page","link":"https:\/\/quitobowlingclub.com\/reservabolos\/terminos-condiciones\/","title":{"rendered":"T\u00e9rminos y Condiciones"},"content":{"rendered":"\n<h2 class=\"wp-block-heading\">Reserva de Pista de Bolos<\/h2>\n\n\n\n<p>Todas las reservas efectuadas a trav\u00e9s de este sitio est\u00e1n confirmadas y estar\u00e1n sujetas a las condiciones especificadas durante la tramitaci\u00f3n de la reserva. Una vez finalizada la tramitaci\u00f3n de la reserva, obtendr\u00e1 un justificante de reserva que podr\u00e1 imprimir, y que incluir\u00e1 uno o m\u00e1s n\u00fameros de referencia de reserva. Guarde estos n\u00fameros de referencia y util\u00edcelos siempre que se ponga en contacto con Quito Bowling Club. Este sitio web no permite realizar cambios en la reserva; para ello, p\u00f3ngase directamente en contacto con Quito Bowling Club. No se garantiza que pueda realizar cambios en una reserva; esto siempre depender\u00e1 del gerente de Quito Bowling Club y de la disponibilidad. <strong>quitobowlingclub.com<\/strong> permite las reservas para un m\u00e1ximo <strong>de 6 personas por pista<\/strong>. Si se trata de un grupo de <strong>( m\u00e1s personas)<\/strong>, p\u00f3ngase directamente en contacto con Quito Bowling Club (si desea conocer los datos de contacto <a href=\"https:\/\/quitobowlingclub.com\/reservabolos\/contactos\/\" data-type=\"page\" data-id=\"241\">clic aqu\u00ed<\/a>).<\/p>\n\n\n\n<h2 class=\"wp-block-heading\">Pagos<\/h2>\n\n\n\n<p>El pago efectuado en este sitio web, consta del pago total de la reserva de pista. El pago de la reserva se cargan en la tarjeta en el mismo instante de la compra. El pago de  la reserva de pista no se puede devolver. Si desea obtener informaci\u00f3n sobre el reembolso del pago, consulte los t\u00e9rminos y condiciones que haya recibido al efectuar la reserva.  El pago de la reserva de pista se efectuar\u00e1 en d\u00f3lares americanos. Este sitio web no aplicar\u00e1 cargos adicionales por tramitaci\u00f3n de pago. Sin embargo, es probable que su banco o la empresa encargada de la gesti\u00f3n de su tarjeta de cr\u00e9dito s\u00ed apliquen cargos adicionales.<\/p>\n\n\n\n<h2 class=\"wp-block-heading\">Pol\u00edticas de Reservas<\/h2>\n\n\n\n<p>1.- Todas las reservas tiene un <strong>cargo \u00fanico de USD 10.00<\/strong> debido al tiempo muerto que cada pista necesita para ser preparada y por ende no puede ser utilizada por otros clientes. Este es el costo del beneficio que tiene el cliente de evitar la espera y poder disfrutar al m\u00e1ximo y optimizando su tiempo.<\/p>\n\n\n\n<p>2.- Toda reserva debe ser realizada m\u00ednimo con <strong>24 horas de anticipaci\u00f3n<\/strong>.<\/p>\n\n\n\n<p>3.- El n\u00famero de la pista reservada en l\u00ednea no corresponde necesariamente al n\u00famero de la pista f\u00edsica en el establecimiento. Esto debido a que pueden haber temas de mantenimiento en el d\u00eda reservado. Sin embargo, se garantiza que una pista estar\u00e1 disponible para su uso en el tiempo pagado.<\/p>\n\n\n\n<p>4.- Se recomienda <strong>llegar m\u00ednimo con 15 minutos de anticipaci\u00f3n a la reserva<\/strong> para asignaci\u00f3n de pistas y zapatos. El sistema empieza a contar autom\u00e1ticamente a la hora reservada, por lo que en caso de atraso el cliente podr\u00e1 utilizar solamente el tiempo sobrante.<\/p>\n\n\n\n<p>5.- Una vez terminado el tiempo de reserva y si el cliente desea seguir jugando tendr\u00e1 que anotarse en la lista de espera en caso de ser necesario. Por esta raz\u00f3n se recomienda realizar la reserva por tiempo adicional ya que usualmente es necesario jugar m\u00e1s de una hora.<\/p>\n\n\n\n<p>6.- Una vez registrado o realizada la reserva por favor verifica tu correo para las respectivas confirmaciones. Tambi\u00e9n puedes <strong>revisar la carpeta de spam<\/strong> en caso de no estar en tu buz\u00f3n de entrada.<\/p>\n\n\n\n<h2 class=\"wp-block-heading\">Pol\u00edticas de Seguridad de Manejo y Transmisi\u00f3n de Datos de Tarjetas.<br><\/h2>\n\n\n\n<p>Como parte del proceso de solicitud de servicio a trav\u00e9s de https:\/\/quitobowlingclub.com el cliente acuerda la provisi\u00f3n de los detalles de su tarjeta de cr\u00e9dito, por lo que comprende, entiende y confirma que los detalles de la tarjeta de cr\u00e9dito provistos son correctos y declara que es el titular de dicha tarjeta y no hace uso de una tarjeta de cr\u00e9dito obtenida de manera ilegal.<br>Quito Bowling Club podr\u00e1 solicitarle al cliente la presentaci\u00f3n en f\u00edsico en la sucursal indicada para la entrega de la orden contratada la tarjeta de cr\u00e9dito que se utilice o intente utilizarse para el proceso de pago en l\u00ednea, as\u00ed como una identificaci\u00f3n del titular de dicha tarjeta, con el fin de prevenir usos ilegales e indebidos de dicho instrumentado de pago.<br>Las tarjetas de cr\u00e9dito son procesadas por el sistema de pagos DataFast, de forma tal que nuestro sistema no maneja la informaci\u00f3n de las mismas.<\/p>\n\n\n\n<h2 class=\"wp-block-heading\">Cancelaciones<\/h2>\n\n\n\n<p>Para cancelar una reserva tramitada en este sitio web, inicie sesi\u00f3n en el sitio web en caso de que est\u00e9 registrado o verifique su correo electr\u00f3nico para verificar su Reserva y p\u00f3ngase directamente en contacto con Quito Bowling Club. Este sitio web permite cancelar reservas en cualquier momento antes de la fecha de llegada. Para conocer las condiciones espec\u00edficas sobre cancelaciones que se aplican a su reserva, consulte los t\u00e9rminos y condiciones que ha recibido al tramitar la reserva, tanto en pantalla como en el mensaje de correo electr\u00f3nico de confirmaci\u00f3n de la reserva.<br>Si cancela una reserva fuera del plazo estipulado en los t\u00e9rminos y condiciones indicado al efectuar la reserva o si no acude al establecimiento Quito Bowling Club para el que ha efectuado la reserva, no se podr\u00e1 realizar ning\u00fan rembolso del pago.<\/p>\n\n\n\n<p><strong>Cargos por Cancelaci\u00f3n<\/strong> (Revisar en el caso que aplicaran)<br>Para calcular los cargos por cancelaci\u00f3n, se considera que la hora de llegada al establecimiento  ser\u00e1n las horas registradas en la reserva. Esta informaci\u00f3n solo es v\u00e1lida para las cancelaciones y no para llegadas posteriores a la hora general. Quito Bowling Club ser\u00e1 el responsable de aplicar los cargos por cancelaci\u00f3n pertinentes en el n\u00famero de tarjeta que haya utilizado para tramitar la reserva.<\/p>\n\n\n\n<h2 class=\"wp-block-heading\">llegada al Establecimiento<\/h2>\n\n\n\n<p>Deber\u00e1 registrarse al llegar al establecimiento  antes del inicio de su tiempo para jugar. Si esto no fuera posible, p\u00f3ngase directamente en contacto con Quito Bowling Club antes de la hora establecida en la reserva para confirmar que llegar\u00e1 con retraso. De lo contrario, se cancelar\u00e1 la reserva.<\/p>\n\n\n\n<h2 class=\"wp-block-heading\">Reembolsos<\/h2>\n\n\n\n<p>El pago de la reserva no es reembolsable. Por tanto, no se realizar\u00e1 ning\u00fan tipo de reembolso.<\/p>\n","protected":false},"excerpt":{"rendered":"<p>Reserva de Pista de Bolos Todas las reservas efectuadas a trav\u00e9s de este sitio est\u00e1n confirmadas y estar\u00e1n sujetas a las condiciones especificadas durante la tramitaci\u00f3n de la reserva. Una vez finalizada la tramitaci\u00f3n de la reserva, obtendr\u00e1 un justificante de reserva que podr\u00e1 imprimir, y que incluir\u00e1 uno o m\u00e1s n\u00fameros de referencia de [&hellip;]<\/p>\n","protected":false},"author":1,"featured_media":0,"parent":0,"menu_order":0,"comment_status":"closed","ping_status":"open","template":"templates\/template-page-full-width.php","meta":{"footnotes":""},"class_list":["post-2","page","type-page","status-publish","hentry"],"_links":{"self":[{"href":"https:\/\/quitobowlingclub.com\/reservabolos\/wp-json\/wp\/v2\/pages\/2","targetHints":{"allow":["GET"]}}],"collection":[{"href":"https:\/\/quitobowlingclub.com\/reservabolos\/wp-json\/wp\/v2\/pages"}],"about":[{"href":"https:\/\/quitobowlingclub.com\/reservabolos\/wp-json\/wp\/v2\/types\/page"}],"author":[{"embeddable":true,"href":"https:\/\/quitobowlingclub.com\/reservabolos\/wp-json\/wp\/v2\/users\/1"}],"replies":[{"embeddable":true,"href":"https:\/\/quitobowlingclub.com\/reservabolos\/wp-json\/wp\/v2\/comments?post=2"}],"version-history":[{"count":12,"href":"https:\/\/quitobowlingclub.com\/reservabolos\/wp-json\/wp\/v2\/pages\/2\/revisions"}],"predecessor-version":[{"id":2901,"href":"https:\/\/quitobowlingclub.com\/reservabolos\/wp-json\/wp\/v2\/pages\/2\/revisions\/2901"}],"wp:attachment":[{"href":"https:\/\/quitobowlingclub.com\/reservabolos\/wp-json\/wp\/v2\/media?parent=2"}],"curies":[{"name":"wp","href":"https:\/\/api.w.org\/{rel}","templated":true}]}}