{"id":241,"date":"2021-03-23T16:55:15","date_gmt":"2021-03-23T21:55:15","guid":{"rendered":"https:\/\/quitobowlingclub.com\/reservabolos\/?page_id=241"},"modified":"2023-06-22T17:44:05","modified_gmt":"2023-06-22T22:44:05","slug":"contactos","status":"publish","type":"page","link":"https:\/\/quitobowlingclub.com\/reservabolos\/contactos\/","title":{"rendered":"Contactos"},"content":{"rendered":"\n<div class=\"wp-block-columns is-layout-flex wp-container-core-columns-is-layout-9d6595d7 wp-block-columns-is-layout-flex\">\n<div class=\"wp-block-column is-layout-flow wp-block-column-is-layout-flow\" style=\"flex-basis:33.33%\">\n<div class=\"wp-block-contact-form-7-contact-form-selector\">\n<div class=\"wpcf7 no-js\" id=\"wpcf7-f243-o1\" lang=\"es-ES\" dir=\"ltr\" data-wpcf7-id=\"243\">\n<div class=\"screen-reader-response\"><p role=\"status\" aria-live=\"polite\" aria-atomic=\"true\"><\/p> <ul><\/ul><\/div>\n<form action=\"\/reservabolos\/wp-json\/wp\/v2\/pages\/241#wpcf7-f243-o1\" method=\"post\" class=\"wpcf7-form init\" aria-label=\"Formulario de contacto\" novalidate=\"novalidate\" data-status=\"init\">\n<fieldset class=\"hidden-fields-container\"><input type=\"hidden\" name=\"_wpcf7\" value=\"243\" \/><input type=\"hidden\" name=\"_wpcf7_version\" value=\"6.1.5\" \/><input type=\"hidden\" name=\"_wpcf7_locale\" value=\"es_ES\" \/><input type=\"hidden\" name=\"_wpcf7_unit_tag\" value=\"wpcf7-f243-o1\" \/><input type=\"hidden\" name=\"_wpcf7_container_post\" value=\"0\" \/><input type=\"hidden\" name=\"_wpcf7_posted_data_hash\" value=\"\" \/><input type=\"hidden\" name=\"_wpcf7_recaptcha_response\" value=\"\" \/>\n<\/fieldset>\n<p><label> Tu nombre y Apellido<br \/>\n<span class=\"wpcf7-form-control-wrap\" data-name=\"your-name\"><input size=\"40\" maxlength=\"400\" class=\"wpcf7-form-control wpcf7-text wpcf7-validates-as-required\" aria-required=\"true\" aria-invalid=\"false\" value=\"\" type=\"text\" name=\"your-name\" \/><\/span> <\/label>\n<\/p>\n<p><label> Tu correo electr\u00f3nico<br \/>\n<span class=\"wpcf7-form-control-wrap\" data-name=\"your-email\"><input size=\"40\" maxlength=\"400\" class=\"wpcf7-form-control wpcf7-email wpcf7-validates-as-required wpcf7-text wpcf7-validates-as-email\" aria-required=\"true\" aria-invalid=\"false\" value=\"\" type=\"email\" name=\"your-email\" \/><\/span> <\/label>\n<\/p>\n<p><label> Asunto<br \/>\n<span class=\"wpcf7-form-control-wrap\" data-name=\"your-subject\"><input size=\"40\" maxlength=\"400\" class=\"wpcf7-form-control wpcf7-text wpcf7-validates-as-required\" aria-required=\"true\" aria-invalid=\"false\" value=\"\" type=\"text\" name=\"your-subject\" \/><\/span> <\/label>\n<\/p>\n<p><label> Tu mensaje (opcional)<br \/>\n<span class=\"wpcf7-form-control-wrap\" data-name=\"your-message\"><textarea cols=\"40\" rows=\"10\" maxlength=\"2000\" class=\"wpcf7-form-control wpcf7-textarea\" aria-invalid=\"false\" name=\"your-message\"><\/textarea><\/span> <\/label>\n<\/p>\n<p><input class=\"wpcf7-form-control wpcf7-submit has-spinner\" type=\"submit\" value=\"Enviar\" \/>\n<\/p><input type='hidden' class='wpcf7-pum' value='{\"closepopup\":false,\"closedelay\":0,\"openpopup\":false,\"openpopup_id\":0}' \/><div class=\"wpcf7-response-output\" aria-hidden=\"true\"><\/div>\n<\/form>\n<\/div>\n<\/div>\n<\/div>\n\n\n\n<div class=\"wp-block-column is-layout-flow wp-block-column-is-layout-flow\" style=\"flex-basis:66.66%\">\n<iframe src=\"https:\/\/www.google.com\/maps\/embed?pb=!1m18!1m12!1m3!1d3989.7983506356973!2d-78.45663378572999!3d-0.18127883546877263!2m3!1f0!2f0!3f0!3m2!1i1024!2i768!4f13.1!3m3!1m2!1s0x91d5916f0c8ac2d9%3A0x12e9882c07002176!2sQuito%20Bowling%20Club!5e0!3m2!1ses!2sec!4v1616537171713!5m2!1ses!2sec\" style=\"border:0;\" allowfullscreen=\"\" loading=\"lazy\" width=\"600\" height=\"450\"><\/iframe>\n<\/div>\n<\/div>\n\n\n\n<div class=\"wp-block-columns is-layout-flex wp-container-core-columns-is-layout-9d6595d7 wp-block-columns-is-layout-flex\">\n<div class=\"wp-block-column is-layout-flow wp-block-column-is-layout-flow\">\n<h2 class=\"wp-block-heading\">INFORMACI\u00d3N DE CONTACTO<\/h2>\n\n\n\n<p style=\"font-size:26px\"><strong>QUITO<\/strong><\/p>\n\n\n\n<p><strong>TEL\u00c9FONO<\/strong><br>+593 2 2898665<\/p>\n\n\n\n<p><strong>DIRECCI\u00d3N<\/strong><br>Av. Sim\u00f3n Bol\u00edvar y pasaje S\/N, 1 km al norte del mirador a Tumbaco.<br>Quito\u2013Ecuador.<\/p>\n\n\n\n<p><strong>E-MAIL<\/strong><br>info@quitobowlingclub.com<\/p>\n\n\n\n<p style=\"font-size:26px\"><strong>SANGOLQUI<\/strong><\/p>\n\n\n\n<p><strong>TEL\u00c9FONO<\/strong><br>+593 2 233 1490<\/p>\n\n\n\n<p><strong>DIRECCI\u00d3N<\/strong><br>Av. Gral. Rumi\u00f1ahui,Sangolqu\u00ed #15 y Calle Ambato, 200 metros al sur de la ESPE.<br>Sangolqu\u00ed\u2013Ecuador.<\/p>\n\n\n\n<p><strong>E-MAIL<\/strong><br>loschillos@quitobowlingclub.com<\/p>\n<\/div>\n\n\n\n<div class=\"wp-block-column is-layout-flow wp-block-column-is-layout-flow\">\n<h2 class=\"wp-block-heading\">HORARIO DE ATENCI\u00d3N<\/h2>\n\n\n\n<p>Lunes a Viernes| 14h00\u201323h00<br>S\u00e1bados  | 11h00\u201324h00<br>Domingo | 11h00\u201321h00<br>Feriados: Por favor revisar nuestras<br>redes sociales para informaci\u00f3n exacta.<br><br>24 de Diciembre | CERRADO<br>31 de Diciembre | CERRADO<\/p>\n\n\n\n<p><strong>Despu\u00e9s de las 7PM, menores de 18 a\u00f1os<br>deben estar acompa\u00f1ados de un adulto.<\/strong><\/p>\n<\/div>\n<\/div>\n\n\n\n<p><\/p>\n","protected":false},"excerpt":{"rendered":"<p>INFORMACI\u00d3N DE CONTACTO QUITO TEL\u00c9FONO+593 2 2898665 DIRECCI\u00d3NAv. Sim\u00f3n Bol\u00edvar y pasaje S\/N, 1 km al norte del mirador a Tumbaco.Quito\u2013Ecuador. E-MAILinfo@quitobowlingclub.com SANGOLQUI TEL\u00c9FONO+593 2 233 1490 DIRECCI\u00d3NAv. Gral. Rumi\u00f1ahui,Sangolqu\u00ed #15 y Calle Ambato, 200 metros al sur de la ESPE.Sangolqu\u00ed\u2013Ecuador. E-MAILloschillos@quitobowlingclub.com HORARIO DE ATENCI\u00d3N Lunes a Viernes| 14h00\u201323h00S\u00e1bados | 11h00\u201324h00Domingo | 11h00\u201321h00Feriados: Por favor [&hellip;]<\/p>\n","protected":false},"author":1,"featured_media":0,"parent":0,"menu_order":0,"comment_status":"closed","ping_status":"closed","template":"templates\/template-page-full-width.php","meta":{"footnotes":""},"class_list":["post-241","page","type-page","status-publish","hentry"],"_links":{"self":[{"href":"https:\/\/quitobowlingclub.com\/reservabolos\/wp-json\/wp\/v2\/pages\/241","targetHints":{"allow":["GET"]}}],"collection":[{"href":"https:\/\/quitobowlingclub.com\/reservabolos\/wp-json\/wp\/v2\/pages"}],"about":[{"href":"https:\/\/quitobowlingclub.com\/reservabolos\/wp-json\/wp\/v2\/types\/page"}],"author":[{"embeddable":true,"href":"https:\/\/quitobowlingclub.com\/reservabolos\/wp-json\/wp\/v2\/users\/1"}],"replies":[{"embeddable":true,"href":"https:\/\/quitobowlingclub.com\/reservabolos\/wp-json\/wp\/v2\/comments?post=241"}],"version-history":[{"count":9,"href":"https:\/\/quitobowlingclub.com\/reservabolos\/wp-json\/wp\/v2\/pages\/241\/revisions"}],"predecessor-version":[{"id":1945,"href":"https:\/\/quitobowlingclub.com\/reservabolos\/wp-json\/wp\/v2\/pages\/241\/revisions\/1945"}],"wp:attachment":[{"href":"https:\/\/quitobowlingclub.com\/reservabolos\/wp-json\/wp\/v2\/media?parent=241"}],"curies":[{"name":"wp","href":"https:\/\/api.w.org\/{rel}","templated":true}]}}