{"id":3,"date":"2021-01-28T20:49:34","date_gmt":"2021-01-28T20:49:34","guid":{"rendered":"https:\/\/quitobowlingclub.com\/reservabolos\/?page_id=3"},"modified":"2021-06-23T09:48:20","modified_gmt":"2021-06-23T14:48:20","slug":"privacy-policy","status":"publish","type":"page","link":"https:\/\/quitobowlingclub.com\/reservabolos\/privacy-policy\/","title":{"rendered":"Pol\u00edticas de Privacidad"},"content":{"rendered":"\n<h2 class=\"wp-block-heading\">1. PRIVACIDAD Y CONFIDENCIALIDAD<\/h2>\n\n\n\n<p>En quitobowlingclub.com te damos la cordial bienvenida y gracias por preferir nuestro sistema de reservas en l\u00ednea. Para nosotros es muy importante proteger tu informaci\u00f3n personal as\u00ed como respetar tu privacidad y confidencialidad, es por esto que en nuestra web solo utilizaremos y tendremos por un tiempo determinado seg\u00fan ley, los datos relevantes a fin de brindarle una experiencia de compra segura, \u00e1gil y eficiente. A continuaci\u00f3n te brindamos nuestra pol\u00edtica de privacidad y confidencialidad.<\/p>\n\n\n\n<p>Los datos que utilizaremos, almacenaremos y procesaremos a fin de brindarle una experiencia segura y placentera, durante la compra y cualquier reclamo o consulta posterior a esta es su informaci\u00f3n personal que incluye pero no es limitado a: Nombre y Apellidos, C\u00e9dula de ciudadan\u00eda, email, direcci\u00f3n domiciliaria, n\u00fameros telef\u00f3nicos, datos de pago, direcci\u00f3n de facturaci\u00f3n, datos relevantes de la tarjeta de debito o cr\u00e9dito con la que se hizo la operaci\u00f3n, entre otros.<\/p>\n\n\n\n<h2 class=\"wp-block-heading\">2. INFORMACI\u00d3N A UTILIZAR<\/h2>\n\n\n\n<p>Usaremos la informaci\u00f3n que proporciona para que podamos procesar sus reservas y para ofrecerle los servicios e informaci\u00f3n ofrecidos a trav\u00e9s de nuestra p\u00e1gina web que solicite. Adem\u00e1s, usaremos la informaci\u00f3n que proporcione para administrar su cuenta con nosotros, verificar y llevar a cabo transacciones financieras en relaci\u00f3n con los pagos que realice en l\u00ednea, la auditor\u00eda de la descarga de datos desde nuestro sitio web, mejorar el dise\u00f1o y \/ o contenido de las p\u00e1ginas de nuestro sitio web y personalizar a los usuarios, identificar a los visitantes en nuestro sitio web, llevar a cabo investigaciones sobre la demograf\u00eda de nuestros usuarios; le enviaremos la informaci\u00f3n que pensamos que puede serle \u00fatil o que nos ha solicitado, incluida informaci\u00f3n sobre nuestros productos y servicios, a menos que nos haya comunicado que se ha opuesto a ser contactado para estos fines. Sujeto a la obtenci\u00f3n de su consentimiento podemos comunicarnos por correo electr\u00f3nico con los detalles de otros productos y servicios. Si prefiere no recibir comunicaciones de marketing, puede comunicarlo en cualquier momento y dejar\u00e1 de recibir dichas comunicaciones.<\/p>\n\n\n\n<h2 class=\"wp-block-heading\">3. OTROS USOS DE SU INFORMACI\u00d3N PERSONAL<\/h2>\n\n\n\n<p>Podemos utilizar su informaci\u00f3n personal para estudios de mercado. Sus datos son an\u00f3nimos y s\u00f3lo se utilizar\u00e1n con fines estad\u00edsticos. Usted puede optar por no participar de esto en cualquier momento. Revelar su direcci\u00f3n de correo electr\u00f3nico s\u00f3lo es necesario si usted desea participar en los concursos.<\/p>\n\n\n\n<p>Tambi\u00e9n podemos enviarle otra informaci\u00f3n acerca de nosotros, quitobowlingclub.com, nuestros otros sitios web, nuestros productos, promociones de ventas, nuestros boletines de noticias, todo lo relacionado con otras empresas de nuestro grupo o de nuestros socios. Si prefiere no recibir este tipo de informaci\u00f3n adicional, como se detalla en este apartado (o cualquier parte de ella), por favor haga clic en el \u2018dejar suscripci\u00f3n\u2019 en el enlace de cualquier correo electr\u00f3nico que le enviamos. Dentro de 7 d\u00edas h\u00e1biles despu\u00e9s de recibir su instrucci\u00f3n se dejar\u00e1 de enviar la informaci\u00f3n solicitada. Si su instrucci\u00f3n no es clara nos comunicaremos con Ud. para aclararla.<\/p>\n\n\n\n<p>Podemos adem\u00e1s, utilizar de manera an\u00f3nima los datos sobre los usuarios de quitobowlingclub.com en general, y utilizarla para diversos fines, incluyendo la determinaci\u00f3n de la ubicaci\u00f3n general de los usuarios y el uso de ciertos aspectos de quitobowlingclub.com o un enlace contenido en un correo electr\u00f3nico a los registrados para recibirlos, y el suministro de que los datos an\u00f3nimos a terceros, tales como editores. Sin embargo, los datos an\u00f3nimos podr\u00e1n identificarlo personalmente.<\/p>\n\n\n\n<h2 class=\"wp-block-heading\">4. SOBRE PAGOS<\/h2>\n\n\n\n<p>Los pagos que se realicen a trav\u00e9s de quitobowlingclub.com ser\u00e1n procesados por nuestro agente de pagos en l\u00ednea. S\u00f3lo debe proporcionar su informaci\u00f3n en nuestro sitio. Dicha informaci\u00f3n debe ser precisa y veraz y debe mantenerse al d\u00eda. Si ocurre alg\u00fan cambio en sus datos, debe informarnos para poder actualizarlos en nuestra base de datos, con el fin de evitar inconvenientes en los pagos o la reserva de pistas.<\/p>\n\n\n\n<p>Sus detalles de la orden real pueden ser almacenados por nosotros, pero por razones de seguridad no pueden ser directamente recuperados por nosotros. Sin embargo, puede acceder a esta informaci\u00f3n ingresando a su cuenta en quitobowlingclub.com. Ah\u00ed podr\u00e1 ver los detalles de sus reservas que han sido completadas, los que est\u00e1n abiertos y los que est\u00e1n en proceso de ser enviados y administrar los datos de la direcci\u00f3n, datos financieros y cualquier bolet\u00edn de noticias al que se haya suscrito. Usted se compromete a tratar sus datos personales de acceso confidencial y no ponerla a disposici\u00f3n de terceros no autorizados. No podemos asumir ninguna responsabilidad por el mal uso de contrase\u00f1as que haya divulgado.<\/p>\n\n\n\n<h2 class=\"wp-block-heading\">5. CONCURSOS Y COMPETENCIAS<\/h2>\n\n\n\n<p>Para cualquier concurso o competencia que utilice los datos para notificar a los ganadores y anunciar nuestras ofertas. Ud. puede encontrar m\u00e1s detalles en su caso, en nuestras condiciones de participaci\u00f3n para el concurso respectivo.<\/p>\n\n\n\n<h2 class=\"wp-block-heading\">6. TERCEROS Y ENLACES<\/h2>\n\n\n\n<p>Podemos transmitir sus datos a otras empresas de nuestro grupo. Tambi\u00e9n podemos proporcionar su informaci\u00f3n a nuestros agentes y subcontratistas para que nos ayuden con cualquiera de nuestros usos de sus datos que figuran en nuestra Pol\u00edtica de Privacidad. Por ejemplo, podemos utilizar a terceros para que nos ayuden con la entrega de productos, que nos ayude a recaudar sus pagos, a analizar los datos que nos proporcione y con la comercializaci\u00f3n o asistencia de servicio al cliente. Podemos intercambiar informaci\u00f3n con terceros a efectos de protecci\u00f3n contra el fraude y la reducci\u00f3n de riesgo de cr\u00e9dito. Podemos transferir nuestras bases de datos que contienen su informaci\u00f3n personal si vendemos nuestro negocio o parte de este. Al margen de lo establecido en la presente Pol\u00edtica de Privacidad, no podremos vender o divulgar sus datos personales a terceros sin obtener su consentimiento previo, a menos que sea necesario para los fines establecidos en esta Pol\u00edtica de Privacidad a menos que estemos obligados a hacerlo por ley. quitobowlingclub.com puede contener publicidad de terceros y enlaces a otros sitios o marcos de otros sitios. Tenga en cuenta que no somos responsables de las pr\u00e1cticas de privacidad o contenido de dichos terceros u otros sitios, ni por cualquier tercero a quien ustedes le transfiera sus datos personales.<\/p>\n\n\n\n<h2 class=\"wp-block-heading\">7. COOKIES<\/h2>\n\n\n\n<p>La aceptaci\u00f3n de las cookies no es un requisito para visitar quitobowlingclub.com. Sin embargo, nos gustar\u00eda se\u00f1alar que el uso de la funcionalidad \u201ccarrito de compra\u201d en quitobowlingclub.com y la de aceptar una orden s\u00f3lo es posible con la activaci\u00f3n de las cookies. Las cookies son peque\u00f1os archivos de texto que identifican a su computadora a nuestro servidor como un usuario \u00fanico, cuando visitas ciertas p\u00e1ginas en quitobowlingclub.com y que son almacenados por su navegador de Internet en el disco duro de su ordenador. Las cookies se pueden utilizar para reconocer su direcci\u00f3n de protocolo de Internet, que le ahorra tiempo mientras se encuentra en quitobowlingclub.com o quiere entrar a \u00e9l. S\u00f3lo utilizamos cookies para su comodidad en el uso de quitobowlingclub.com (por ejemplo, para recordar qui\u00e9n es cuando se desea modificar su carrito de la compra sin tener que volver a introducir su direcci\u00f3n de correo electr\u00f3nico) y no para obtener o usar cualquier otra informaci\u00f3n sobre usted (por ejemplo de publicidad segmentada). Su navegador puede ser configurado para no aceptar cookies, pero esto ser\u00eda restringir su uso de quitobowlingclub.com. Por favor, acepte nuestra garant\u00eda de que el uso de cookies no contiene datos de car\u00e1cter personal o privado, y est\u00e1n libres de virus. Si desea obtener m\u00e1s informaci\u00f3n acerca de las cookies, vaya a http:\/\/www.allaboutcookies.org o para obtener informaci\u00f3n sobre la eliminaci\u00f3n de ellos desde el navegador, ir a http:\/\/www.allaboutcookies.org\/manage-cookies\/index.html.<\/p>\n\n\n\n<p>Esta p\u00e1gina web utiliza Google Analytics, un servicio anal\u00edtico de web prestado por Google, Inc. (\u201cGoogle\u201d). Google Analytics utiliza cookies, que son archivos de texto ubicados en su ordenador, para ayudar al Sitio web a analizar c\u00f3mo los usuarios utilizan quitobowlingclub.com. La informaci\u00f3n que genera la cookie acerca de su uso del Sito web (incluyendo su direcci\u00f3n IP) ser\u00e1 directamente transmitida y archivada por Google en sus servidores en Estados Unidos. Google usar\u00e1 esta informaci\u00f3n con el prop\u00f3sito de evaluar el uso del Sito web, recopilando informes de la actividad de quitobowlingclub.com web y prestando otros servicios relacionados con la actividad de quitobowlingclub.com web y el uso de Internet. Google podr\u00e1 transmitir dicha informaci\u00f3n a terceros cuando as\u00ed lo requiera la ley, o cuando dichos terceros procesen la informaci\u00f3n por cuenta de Google. Google no asociar\u00e1 su direcci\u00f3n IP con ning\u00fan otro dato del que disponga Google. Puede rechazar el uso de cookies, seleccionando la configuraci\u00f3n apropiada de su navegador, sin embargo tenga en cuenta que si hace esto no podr\u00e1 utilizar toda la funcionalidad de este sitio web. Mediante el uso de este sitio web, da su consentimiento al tratamiento de sus datos por Google en la forma y para las finalidades anteriormente indicadas.<\/p>\n\n\n\n<p><strong>7.1. Cu\u00e1nto tiempo conservamos tus datos<\/strong><\/p>\n\n\n\n<p>Si dejas un comentario, el comentario y sus metadatos se conservan indefinidamente. Esto es para que podamos reconocer y aprobar comentarios sucesivos autom\u00e1ticamente, en lugar de mantenerlos en una cola de moderaci\u00f3n.<\/p>\n\n\n\n<p>De los usuarios que se registran en nuestra web (si los hay), tambi\u00e9n almacenamos la informaci\u00f3n personal que proporcionan en su perfil de usuario. Todos los usuarios pueden ver, editar o eliminar su informaci\u00f3n personal en cualquier momento (excepto que no pueden cambiar su nombre de usuario). Los administradores de la web tambi\u00e9n pueden ver y editar esa informaci\u00f3n.<\/p>\n\n\n\n<p><strong>7.2. Qu\u00e9 derechos tienes sobre tus datos<\/strong><\/p>\n\n\n\n<p>Si tienes una cuenta o has dejado comentarios en esta web, puedes solicitar recibir un archivo de exportaci\u00f3n de los datos personales que tenemos sobre ti, incluyendo cualquier dato que nos hayas proporcionado. Tambi\u00e9n puedes solicitar que eliminemos cualquier dato personal que tengamos sobre ti. Esto no incluye ning\u00fan dato que estemos obligados a conservar con fines administrativos, legales o de seguridad.<\/p>\n\n\n\n<p>7<strong>.3. Lo que recopilamos y almacenamos<\/strong><\/p>\n\n\n\n<p>Mientras visitas nuestro sitio realizaremos el seguimiento de:<\/p>\n\n\n\n<ul class=\"wp-block-list\"><li>Los productos que has visto: usaremos esto para, por ejemplo, mostrarte productos que has visto recientemente<\/li><li>Ubicaci\u00f3n, direcci\u00f3n IP y tipo de navegador: usaremos esto para prop\u00f3sitos como estimar impuestos y costes de env\u00edo<\/li><li>Direcci\u00f3n de env\u00edo: te pediremos que facilites esto para que podamos, por ejemplo, estimar el coste del env\u00edo antes de que hagas un pedido, \u00a1y enviarte el pedido!<\/li><\/ul>\n\n\n\n<p>Tambi\u00e9n usamos cookies para realizar el seguimiento de los contenidos del carrito mientras navegas por nuestro sitio.<\/p>\n\n\n\n<p><strong>7.4. Qui\u00e9n de nuestro equipo tiene acceso<\/strong><\/p>\n\n\n\n<p>Los miembros de nuestro equipo tienen acceso a la informaci\u00f3n que nos ofreces. Por ejemplo, los administradores y gestores de tienda pueden acceder:<\/p>\n\n\n\n<ul class=\"wp-block-list\"><li>La informaci\u00f3n de pedidos, como qu\u00e9 se compr\u00f3, cu\u00e1ndo se compr\u00f3 y d\u00f3nde se deber\u00eda enviar, y<\/li><li>La informaci\u00f3n de cliente, como tu nombre, direcci\u00f3n de correo electr\u00f3nico, y la informaci\u00f3n de facturaci\u00f3n y env\u00edo.<\/li><\/ul>\n\n\n\n<p>Los miembros de nuestro equipo tienen acceso a esta informaci\u00f3n para ayudar a completar pedidos, procesar reembolsos y darte soporte.<\/p>\n\n\n\n<h2 class=\"wp-block-heading\">8. SEGURIDAD<\/h2>\n\n\n\n<p>Tenemos en marcha las medidas t\u00e9cnicas y de seguridad para evitar el acceso no autorizado o ilegal o p\u00e9rdida accidental de destrucci\u00f3n o da\u00f1os a su informaci\u00f3n. Cuando se recogen datos a trav\u00e9s de quitobowlingclub.com, recogemos sus datos personales en un servidor seguro. Nosotros usamos programas de protecci\u00f3n en nuestros servidores. Cuando recopilamos informaci\u00f3n de tarjetas de pago, se utiliza el cifrado Secure Socket Layer (SSL) que codifica. Se recomienda encarecidamente no enviar todos los detalles de tarjetas de cr\u00e9dito o d\u00e9bito sin cifrar las comunicaciones electr\u00f3nicas con nosotros. Mantenemos las salvaguardias f\u00edsicas, electr\u00f3nicas y de procedimiento en relaci\u00f3n con la recogida, almacenamiento y divulgaci\u00f3n de su informaci\u00f3n. Nuestros procedimientos de seguridad significan que en ocasiones puede solicitar una prueba de identidad antes de revelar informaci\u00f3n personal. Usted es responsable de la protecci\u00f3n contra el acceso no autorizado a su contrase\u00f1a y a su computadora.<\/p>\n\n\n\n<h2 class=\"wp-block-heading\">9. SUS DERECHOS<\/h2>\n\n\n\n<p>Si est\u00e1 preocupado acerca de sus datos, tiene el derecho de solicitar el acceso a ellos y obligarnos a corregir cualquier inexactitud de forma gratuita.<\/p>\n","protected":false},"excerpt":{"rendered":"<p>1. PRIVACIDAD Y CONFIDENCIALIDAD En quitobowlingclub.com te damos la cordial bienvenida y gracias por preferir nuestro sistema de reservas en l\u00ednea. Para nosotros es muy importante proteger tu informaci\u00f3n personal as\u00ed como respetar tu privacidad y confidencialidad, es por esto que en nuestra web solo utilizaremos y tendremos por un tiempo determinado seg\u00fan ley, los [&hellip;]<\/p>\n","protected":false},"author":1,"featured_media":0,"parent":0,"menu_order":0,"comment_status":"closed","ping_status":"open","template":"templates\/template-page-full-width.php","meta":{"footnotes":""},"class_list":["post-3","page","type-page","status-publish","hentry"],"_links":{"self":[{"href":"https:\/\/quitobowlingclub.com\/reservabolos\/wp-json\/wp\/v2\/pages\/3","targetHints":{"allow":["GET"]}}],"collection":[{"href":"https:\/\/quitobowlingclub.com\/reservabolos\/wp-json\/wp\/v2\/pages"}],"about":[{"href":"https:\/\/quitobowlingclub.com\/reservabolos\/wp-json\/wp\/v2\/types\/page"}],"author":[{"embeddable":true,"href":"https:\/\/quitobowlingclub.com\/reservabolos\/wp-json\/wp\/v2\/users\/1"}],"replies":[{"embeddable":true,"href":"https:\/\/quitobowlingclub.com\/reservabolos\/wp-json\/wp\/v2\/comments?post=3"}],"version-history":[{"count":6,"href":"https:\/\/quitobowlingclub.com\/reservabolos\/wp-json\/wp\/v2\/pages\/3\/revisions"}],"predecessor-version":[{"id":266,"href":"https:\/\/quitobowlingclub.com\/reservabolos\/wp-json\/wp\/v2\/pages\/3\/revisions\/266"}],"wp:attachment":[{"href":"https:\/\/quitobowlingclub.com\/reservabolos\/wp-json\/wp\/v2\/media?parent=3"}],"curies":[{"name":"wp","href":"https:\/\/api.w.org\/{rel}","templated":true}]}}